{"id":290,"date":"2020-12-10T12:16:15","date_gmt":"2020-12-10T11:16:15","guid":{"rendered":"https:\/\/fhumartex.pl\/home\/"},"modified":"2022-05-23T15:53:01","modified_gmt":"2022-05-23T13:53:01","slug":"home","status":"publish","type":"page","link":"https:\/\/fhumartex.pl\/en\/","title":{"rendered":"home"},"content":{"rendered":"<p>[et_pb_section fb_built=&#8221;1&#8243; next_background_color=&#8221;#ffffff&#8221; disabled_on=&#8221;off|off|off&#8221; admin_label=&#8221;Header&#8221; _builder_version=&#8221;4.7.7&#8243; background_color=&#8221;#29166f&#8221; use_background_color_gradient=&#8221;on&#8221; background_color_gradient_start=&#8221;rgba(41,22,111,0.52)&#8221; background_color_gradient_end=&#8221;rgba(255,255,255,0)&#8221; background_color_gradient_direction=&#8221;1deg&#8221; background_color_gradient_start_position=&#8221;23%&#8221; background_color_gradient_overlays_image=&#8221;on&#8221; background_image=&#8221;https:\/\/fhumartex.pl\/wp-content\/uploads\/2021\/01\/AdobeStock_278124827-scaled.jpeg&#8221; custom_padding=&#8221;0vw|0px|0vw|0px|false|false&#8221; bottom_divider_style=&#8221;arrow&#8221;][et_pb_row _builder_version=&#8221;4.7.7&#8243; use_background_color_gradient=&#8221;on&#8221; background_color_gradient_start=&#8221;rgba(41,22,111,0.11)&#8221; background_color_gradient_end=&#8221;rgba(0,0,0,0)&#8221; background_color_gradient_type=&#8221;radial&#8221; background_color_gradient_end_position=&#8221;49%&#8221; custom_padding=&#8221;192px||99px||false|&#8221;][et_pb_column type=&#8221;4_4&#8243; _builder_version=&#8221;3.25&#8243; custom_padding=&#8221;|||&#8221; custom_padding__hover=&#8221;|||&#8221;][et_pb_text ul_type=&#8221;circle&#8221; _builder_version=&#8221;4.7.5&#8243; text_font=&#8221;||||||||&#8221; text_font_size=&#8221;18px&#8221; text_line_height=&#8221;2em&#8221; ul_font=&#8221;||||||||&#8221; ul_font_size=&#8221;18px&#8221; ul_line_height=&#8221;2em&#8221; header_font=&#8221;Montserrat|700|||||||&#8221; header_font_size=&#8221;50px&#8221; header_line_height=&#8221;1.2em&#8221; text_orientation=&#8221;center&#8221; background_layout=&#8221;dark&#8221; max_width=&#8221;600px&#8221; module_alignment=&#8221;center&#8221; header_font_size_tablet=&#8221;40px&#8221; header_font_size_phone=&#8221;28px&#8221; header_font_size_last_edited=&#8221;on|phone&#8221;]<\/p>\n<h1>Transportation services<\/h1>\n<p>domestic and abroad<\/p>\n<p>[\/et_pb_text][et_pb_button button_url=&#8221;https:\/\/fhumartex.pl\/en\/transport\/&#8221; button_text=&#8221;offer&#8221; button_alignment=&#8221;center&#8221; _builder_version=&#8221;4.7.5&#8243; custom_button=&#8221;on&#8221; button_text_size=&#8221;16px&#8221; button_text_color=&#8221;#ffffff&#8221; button_bg_color=&#8221;#212121&#8243; button_border_width=&#8221;10px&#8221; button_border_color=&#8221;rgba(0,0,0,0)&#8221; button_letter_spacing=&#8221;2px&#8221; button_font=&#8221;Montserrat|700|||||||&#8221; button_icon=&#8221;%%3%%&#8221; custom_margin=&#8221;40px|||&#8221; locked=&#8221;off&#8221; button_text_size__hover_enabled=&#8221;off&#8221; button_one_text_size__hover_enabled=&#8221;off&#8221; button_two_text_size__hover_enabled=&#8221;off&#8221; button_text_color__hover_enabled=&#8221;off&#8221; button_one_text_color__hover_enabled=&#8221;off&#8221; button_two_text_color__hover_enabled=&#8221;off&#8221; button_border_width__hover_enabled=&#8221;off&#8221; button_one_border_width__hover_enabled=&#8221;off&#8221; button_two_border_width__hover_enabled=&#8221;off&#8221; button_border_color__hover_enabled=&#8221;off&#8221; button_one_border_color__hover_enabled=&#8221;off&#8221; button_two_border_color__hover_enabled=&#8221;off&#8221; button_border_radius__hover_enabled=&#8221;off&#8221; button_one_border_radius__hover_enabled=&#8221;off&#8221; button_two_border_radius__hover_enabled=&#8221;off&#8221; button_letter_spacing__hover_enabled=&#8221;off&#8221; button_one_letter_spacing__hover_enabled=&#8221;off&#8221; button_two_letter_spacing__hover_enabled=&#8221;off&#8221; button_bg_color__hover_enabled=&#8221;off&#8221; button_one_bg_color__hover_enabled=&#8221;off&#8221; button_two_bg_color__hover_enabled=&#8221;off&#8221;][\/et_pb_button][\/et_pb_column][\/et_pb_row][et_pb_row column_structure=&#8221;1_4,1_4,1_4,1_4&#8243; use_custom_gutter=&#8221;on&#8221; gutter_width=&#8221;2&#8243; make_equal=&#8221;on&#8221; _builder_version=&#8221;4.7.7&#8243; max_width=&#8221;80%&#8221; custom_margin=&#8221;||0px||false|false&#8221; custom_padding=&#8221;0|0px|0|0px|false|false&#8221; use_custom_width=&#8221;on&#8221; width_unit=&#8221;off&#8221;][et_pb_column type=&#8221;1_4&#8243; _builder_version=&#8221;4.7.7&#8243; background_color=&#8221;#ffffff&#8221; custom_padding=&#8221;|||&#8221; border_radii=&#8221;off|20px|20px||&#8221; custom_padding__hover=&#8221;|||&#8221;][et_pb_blurb title=&#8221;ROAD TRANSPORT&#8221; url=&#8221;https:\/\/fhumartex.pl\/en\/transport\/road-transport\/&#8221; _builder_version=&#8221;4.7.7&#8243; header_font=&#8221;Montserrat|600||on|||||&#8221; header_font_size=&#8221;14px&#8221; header_letter_spacing=&#8221;1px&#8221; header_line_height=&#8221;1.8em&#8221; background_color=&#8221;#ffffff&#8221; text_orientation=&#8221;center&#8221; custom_margin=&#8221;||-26px|||&#8221; custom_padding=&#8221;36px|20px|36px|20px|true|true&#8221; custom_padding_tablet=&#8221;10px||10px||true&#8221; custom_padding_phone=&#8221;&#8221; custom_padding_last_edited=&#8221;on|desktop&#8221; link_option_url=&#8221;https:\/\/fhumartex.pl\/en\/transport\/road-transport\/&#8221; border_radii=&#8221;off|20px|20px||&#8221; locked=&#8221;off&#8221;][\/et_pb_blurb][\/et_pb_column][et_pb_column type=&#8221;1_4&#8243; _builder_version=&#8221;4.7.7&#8243; background_color=&#8221;#ffffff&#8221; custom_padding=&#8221;|||&#8221; border_radii=&#8221;off|20px|20px||&#8221; custom_padding__hover=&#8221;|||&#8221;][et_pb_blurb title=&#8221;TRANSPORT OF PROPERTY&#8221; url=&#8221;https:\/\/fhumartex.pl\/en\/transport\/transport-of-property\/&#8221; _builder_version=&#8221;4.7.7&#8243; header_font=&#8221;Montserrat|600||on|||||&#8221; header_font_size=&#8221;14px&#8221; header_letter_spacing=&#8221;1px&#8221; header_line_height=&#8221;1.8em&#8221; background_color=&#8221;#ffffff&#8221; text_orientation=&#8221;center&#8221; custom_padding=&#8221;36px|20px|36px|20px|true|true&#8221; custom_padding_tablet=&#8221;10px||10px||true&#8221; custom_padding_phone=&#8221;&#8221; custom_padding_last_edited=&#8221;on|desktop&#8221; link_option_url=&#8221;https:\/\/fhumartex.pl\/en\/transport\/transport-of-property\/&#8221; border_radii=&#8221;off|20px|20px||&#8221; border_color_all=&#8221;rgba(0,0,0,0.12)&#8221; border_width_top=&#8221;0px&#8221; border_width_right=&#8221;1px&#8221; border_width_left=&#8221;1px&#8221; locked=&#8221;off&#8221;][\/et_pb_blurb][\/et_pb_column][et_pb_column type=&#8221;1_4&#8243; _builder_version=&#8221;4.7.7&#8243; background_color=&#8221;#ffffff&#8221; custom_padding=&#8221;|||&#8221; border_radii=&#8221;off|20px|20px||&#8221; custom_padding__hover=&#8221;|||&#8221;][et_pb_blurb title=&#8221;HIGH RISK TRANSPORT&#8221; url=&#8221;https:\/\/fhumartex.pl\/en\/transport\/high-risk-transport\/&#8221; _builder_version=&#8221;4.7.7&#8243; header_font=&#8221;Montserrat|600||on|||||&#8221; header_font_size=&#8221;14px&#8221; header_letter_spacing=&#8221;1px&#8221; header_line_height=&#8221;1.8em&#8221; background_color=&#8221;#ffffff&#8221; text_orientation=&#8221;center&#8221; custom_padding=&#8221;36px|20px|36px|20px|true|true&#8221; custom_padding_tablet=&#8221;10px||10px||true&#8221; custom_padding_phone=&#8221;&#8221; custom_padding_last_edited=&#8221;on|desktop&#8221; link_option_url=&#8221;https:\/\/fhumartex.pl\/en\/transport\/high-risk-transport\/&#8221; border_radii=&#8221;off|20px|20px||&#8221; locked=&#8221;off&#8221;][\/et_pb_blurb][\/et_pb_column][et_pb_column type=&#8221;1_4&#8243; _builder_version=&#8221;4.7.7&#8243; background_color=&#8221;#ffffff&#8221; custom_padding=&#8221;|||&#8221; border_radii=&#8221;off|20px|20px||&#8221; custom_padding__hover=&#8221;|||&#8221;][et_pb_blurb title=&#8221;IMPORT AND TRANSPORT OF VEHICLES&#8221; url=&#8221;https:\/\/fhumartex.pl\/en\/transport\/import-and-transport-of-vehicles\/&#8221; _builder_version=&#8221;4.7.7&#8243; header_font=&#8221;Montserrat|600||on|||||&#8221; header_font_size=&#8221;14px&#8221; header_letter_spacing=&#8221;1px&#8221; header_line_height=&#8221;1.8em&#8221; background_color=&#8221;#ffffff&#8221; text_orientation=&#8221;center&#8221; custom_padding=&#8221;36px|20px|36px|20px|true|true&#8221; custom_padding_tablet=&#8221;10px||10px||true&#8221; custom_padding_phone=&#8221;&#8221; custom_padding_last_edited=&#8221;on|desktop&#8221; link_option_url=&#8221;https:\/\/fhumartex.pl\/en\/transport\/import-and-transport-of-vehicles\/&#8221; border_radii=&#8221;off|20px|20px||&#8221; locked=&#8221;off&#8221;][\/et_pb_blurb][\/et_pb_column][\/et_pb_row][\/et_pb_section][et_pb_section fb_built=&#8221;1&#8243; disabled_on=&#8221;off|off|off&#8221; admin_label=&#8221;Feature&#8221; _builder_version=&#8221;4.7.7&#8243; background_enable_image=&#8221;off&#8221; background_size=&#8221;initial&#8221; background_position=&#8221;top_left&#8221; custom_padding=&#8221;0px|||||&#8221; bottom_divider_style=&#8221;ramp2&#8243; bottom_divider_color=&#8221;#f1f5f9&#8243; bottom_divider_height=&#8221;250px&#8221; locked=&#8221;off&#8221;][et_pb_row _builder_version=&#8221;4.7.5&#8243; custom_padding=&#8221;56px|||||&#8221;][et_pb_column type=&#8221;4_4&#8243; _builder_version=&#8221;3.25&#8243; custom_padding=&#8221;|||&#8221; custom_padding__hover=&#8221;|||&#8221;][et_pb_text _builder_version=&#8221;4.7.5&#8243; text_font=&#8221;||||||||&#8221; text_font_size=&#8221;18px&#8221; text_line_height=&#8221;1.8em&#8221; header_font=&#8221;||||||||&#8221; header_2_font=&#8221;Montserrat|700|||||||&#8221; header_2_font_size=&#8221;48px&#8221; header_2_line_height=&#8221;1.4em&#8221; text_orientation=&#8221;center&#8221; max_width=&#8221;700px&#8221; module_alignment=&#8221;center&#8221; header_2_font_size_tablet=&#8221;38px&#8221; header_2_font_size_phone=&#8221;28px&#8221; header_2_font_size_last_edited=&#8221;on|phone&#8221;]<\/p>\n<h2>Get to know us<\/h2>\n<p><span style=\"font-size: 20px\"><span>FHU Martex Krzysztof Czok provides international<br \/>\ntransport services across the entire Europe.<\/span><\/span>[\/et_pb_text][\/et_pb_column][\/et_pb_row][et_pb_row column_structure=&#8221;1_3,2_3&#8243; custom_padding_last_edited=&#8221;on|tablet&#8221; _builder_version=&#8221;4.7.7&#8243; module_alignment=&#8221;center&#8221; custom_margin=&#8221;|151px||auto||&#8221; custom_margin_tablet=&#8221;|70px||10%||false&#8221; custom_margin_last_edited=&#8221;off|desktop&#8221; custom_padding=&#8221;|0|||false|false&#8221; custom_padding_tablet=&#8221;|||10%&#8221; custom_padding_phone=&#8221;&#8221; use_custom_width=&#8221;on&#8221; width_unit=&#8221;off&#8221; custom_width_percent=&#8221;100%&#8221;][et_pb_column type=&#8221;1_3&#8243; _builder_version=&#8221;3.25&#8243; custom_padding=&#8221;|||&#8221; custom_padding_tablet=&#8221;|10%||&#8221; custom_padding_phone=&#8221;|||&#8221; custom_padding_last_edited=&#8221;on|phone&#8221; padding_phone=&#8221;|||&#8221; padding_tablet=&#8221;|10%||&#8221; padding_last_edited=&#8221;on|phone&#8221; custom_padding__hover=&#8221;|||&#8221;][et_pb_cta button_url=&#8221;https:\/\/fhumartex.pl\/en\/transport\/&#8221; button_text=&#8221;learn more&#8221; _builder_version=&#8221;4.7.7&#8243; header_font=&#8221;Montserrat|700|||||||&#8221; header_font_size=&#8221;36px&#8221; header_line_height=&#8221;1.4em&#8221; body_font=&#8221;||||||||&#8221; body_font_size=&#8221;16px&#8221; body_line_height=&#8221;2em&#8221; use_background_color=&#8221;off&#8221; custom_button=&#8221;on&#8221; button_text_size=&#8221;16px&#8221; button_text_color=&#8221;#ffffff&#8221; button_bg_color=&#8221;#da251c&#8221; button_border_width=&#8221;10px&#8221; button_border_color=&#8221;#da251c&#8221; button_letter_spacing=&#8221;2px&#8221; button_font=&#8221;Montserrat|700|||||||&#8221; button_icon=&#8221;%%3%%&#8221; text_orientation=&#8221;left&#8221; background_layout=&#8221;light&#8221; custom_padding=&#8221;46px|||||&#8221; hover_enabled=&#8221;0&#8243; header_font_size_tablet=&#8221;26px&#8221; header_font_size_phone=&#8221;20px&#8221; header_font_size_last_edited=&#8221;on|phone&#8221; button_text_size__hover_enabled=&#8221;off&#8221; button_one_text_size__hover_enabled=&#8221;off&#8221; button_two_text_size__hover_enabled=&#8221;off&#8221; button_text_color__hover_enabled=&#8221;off&#8221; button_one_text_color__hover_enabled=&#8221;off&#8221; button_two_text_color__hover_enabled=&#8221;off&#8221; button_border_width__hover_enabled=&#8221;off&#8221; button_one_border_width__hover_enabled=&#8221;off&#8221; button_two_border_width__hover_enabled=&#8221;off&#8221; button_border_color__hover_enabled=&#8221;off&#8221; button_one_border_color__hover_enabled=&#8221;off&#8221; button_two_border_color__hover_enabled=&#8221;off&#8221; button_border_radius__hover_enabled=&#8221;off&#8221; button_one_border_radius__hover_enabled=&#8221;off&#8221; button_two_border_radius__hover_enabled=&#8221;off&#8221; button_letter_spacing__hover_enabled=&#8221;off&#8221; button_one_letter_spacing__hover_enabled=&#8221;off&#8221; button_two_letter_spacing__hover_enabled=&#8221;off&#8221; button_bg_color__hover_enabled=&#8221;off&#8221; button_one_bg_color__hover_enabled=&#8221;off&#8221; button_two_bg_color__hover_enabled=&#8221;off&#8221; sticky_enabled=&#8221;0&#8243;]<\/p>\n<p>We develop and deliver cutting edge and multifarious solutions in a number of international transport services. We are specialized mainly in the transport of high-value goods, taking into account the required security in vehicles and a specially selected and trained staff of drivers.<\/p>\n<p>[\/et_pb_cta][\/et_pb_column][et_pb_column type=&#8221;2_3&#8243; _builder_version=&#8221;3.25&#8243; custom_padding=&#8221;|||&#8221; custom_padding__hover=&#8221;|||&#8221;][et_pb_image src=&#8221;https:\/\/fhumartex.pl\/wp-content\/uploads\/2021\/01\/AdobeStock_173246185-scaled.jpeg&#8221; title_text=&#8221;Transport-Logistik, wei\u00dfer LKW mit ge\u00f6ffneter Fahrert\u00fcr&#8221; align=&#8221;right&#8221; _builder_version=&#8221;4.7.7&#8243; width=&#8221;86%&#8221; module_alignment=&#8221;left&#8221; custom_margin=&#8221;|||&#8221; animation_style=&#8221;zoom&#8221; animation_direction=&#8221;right&#8221; animation_intensity_zoom=&#8221;5%&#8221; always_center_on_mobile=&#8221;off&#8221;][\/et_pb_image][\/et_pb_column][\/et_pb_row][\/et_pb_section][et_pb_section fb_built=&#8221;1&#8243; disabled_on=&#8221;off|off|off&#8221; admin_label=&#8221;Reservation&#8221; _builder_version=&#8221;4.7.7&#8243; background_color=&#8221;#f1f5f9&#8243; use_background_color_gradient=&#8221;on&#8221; background_color_gradient_start=&#8221;#f1f5f9&#8243; background_color_gradient_end=&#8221;rgba(255,255,255,0)&#8221; background_color_gradient_overlays_image=&#8221;on&#8221; background_image=&#8221;https:\/\/fhumartex.pl\/wp-content\/uploads\/2021\/01\/AdobeStock_252730924-scaled.jpeg&#8221; custom_padding=&#8221;104px||104px||true|&#8221;][et_pb_row column_structure=&#8221;1_2,1_2&#8243; _builder_version=&#8221;4.7.5&#8243; locked=&#8221;off&#8221;][et_pb_column type=&#8221;1_2&#8243; _builder_version=&#8221;3.25&#8243; custom_padding=&#8221;|||&#8221; custom_padding__hover=&#8221;|||&#8221;][et_pb_text _builder_version=&#8221;4.7.5&#8243; text_font=&#8221;||||||||&#8221; text_text_color=&#8221;#000000&#8243; text_font_size=&#8221;16px&#8221; text_line_height=&#8221;2em&#8221; header_font=&#8221;||||||||&#8221; header_text_color=&#8221;#000000&#8243; header_2_font=&#8221;Montserrat|700|||||||&#8221; header_2_text_color=&#8221;#000000&#8243; header_2_font_size=&#8221;36px&#8221; header_2_line_height=&#8221;1.4em&#8221; max_width=&#8221;700px&#8221; module_alignment=&#8221;center&#8221; custom_padding=&#8221;23px|||||&#8221; header_2_font_size_tablet=&#8221;26px&#8221; header_2_font_size_phone=&#8221;20px&#8221; header_2_font_size_last_edited=&#8221;on|phone&#8221;]<\/p>\n<h2>Have any questions?<\/h2>\n<p>Get in touch with us and learn more from our experts.[\/et_pb_text][\/et_pb_column][et_pb_column type=&#8221;1_2&#8243; _builder_version=&#8221;3.25&#8243; custom_padding=&#8221;|||&#8221; custom_padding__hover=&#8221;|||&#8221;][et_pb_text _builder_version=&#8221;4.7.7&#8243; text_font=&#8221;Montserrat|700|||||||&#8221; text_text_color=&#8221;#ff5b0c&#8221; text_font_size=&#8221;40px&#8221; text_line_height=&#8221;1.8em&#8221; ul_font=&#8221;||||||||&#8221; ol_font=&#8221;||||||||&#8221; header_font=&#8221;||||||||&#8221; header_2_font=&#8221;||||||||&#8221; header_3_font=&#8221;||||||||&#8221; header_4_font=&#8221;||||||||&#8221; header_5_font=&#8221;||||||||&#8221; header_6_font=&#8221;||||||||&#8221; text_orientation=&#8221;center&#8221; custom_margin=&#8221;|||&#8221; text_font_size_tablet=&#8221;&#8221; text_font_size_phone=&#8221;28px&#8221; text_font_size_last_edited=&#8221;on|phone&#8221;]<\/p>\n<p><a href=\"tel:+48600451451\">+48 600 451 451<\/a><\/p>\n<p>[\/et_pb_text][et_pb_button button_url=&#8221;https:\/\/fhumartex.pl\/en\/contact\/&#8221; button_text=&#8221;contact&#8221; button_alignment=&#8221;center&#8221; _builder_version=&#8221;4.7.5&#8243; custom_button=&#8221;on&#8221; button_text_size=&#8221;16px&#8221; button_text_color=&#8221;#ffffff&#8221; button_bg_color=&#8221;#212121&#8243; button_border_width=&#8221;10px&#8221; button_border_color=&#8221;rgba(0,0,0,0)&#8221; button_letter_spacing=&#8221;2px&#8221; button_font=&#8221;Montserrat|700|||||||&#8221; button_icon=&#8221;%%3%%&#8221; custom_margin=&#8221;40px|||&#8221; locked=&#8221;off&#8221; button_text_size__hover_enabled=&#8221;off&#8221; button_one_text_size__hover_enabled=&#8221;off&#8221; button_two_text_size__hover_enabled=&#8221;off&#8221; button_text_color__hover_enabled=&#8221;off&#8221; button_one_text_color__hover_enabled=&#8221;off&#8221; button_two_text_color__hover_enabled=&#8221;off&#8221; button_border_width__hover_enabled=&#8221;off&#8221; button_one_border_width__hover_enabled=&#8221;off&#8221; button_two_border_width__hover_enabled=&#8221;off&#8221; button_border_color__hover_enabled=&#8221;off&#8221; button_one_border_color__hover_enabled=&#8221;off&#8221; button_two_border_color__hover_enabled=&#8221;off&#8221; button_border_radius__hover_enabled=&#8221;off&#8221; button_one_border_radius__hover_enabled=&#8221;off&#8221; button_two_border_radius__hover_enabled=&#8221;off&#8221; button_letter_spacing__hover_enabled=&#8221;off&#8221; button_one_letter_spacing__hover_enabled=&#8221;off&#8221; button_two_letter_spacing__hover_enabled=&#8221;off&#8221; button_bg_color__hover_enabled=&#8221;off&#8221; button_one_bg_color__hover_enabled=&#8221;off&#8221; button_two_bg_color__hover_enabled=&#8221;off&#8221;][\/et_pb_button][\/et_pb_column][\/et_pb_row][\/et_pb_section]<\/p>\n","protected":false},"excerpt":{"rendered":"<p>[et_pb_section fb_built=&#8221;1&#8243; next_background_color=&#8221;#ffffff&#8221; disabled_on=&#8221;off|off|off&#8221; admin_label=&#8221;Header&#8221; _builder_version=&#8221;4.7.7&#8243; background_color=&#8221;#29166f&#8221; use_background_color_gradient=&#8221;on&#8221; background_color_gradient_start=&#8221;rgba(41,22,111,0.52)&#8221; background_color_gradient_end=&#8221;rgba(255,255,255,0)&#8221; background_color_gradient_direction=&#8221;1deg&#8221; background_color_gradient_start_position=&#8221;23%&#8221; background_color_gradient_overlays_image=&#8221;on&#8221; background_image=&#8221;https:\/\/fhumartex.pl\/wp-content\/uploads\/2021\/01\/AdobeStock_278124827-scaled.jpeg&#8221; custom_padding=&#8221;0vw|0px|0vw|0px|false|false&#8221; bottom_divider_style=&#8221;arrow&#8221;][et_pb_row _builder_version=&#8221;4.7.7&#8243; use_background_color_gradient=&#8221;on&#8221; background_color_gradient_start=&#8221;rgba(41,22,111,0.11)&#8221; background_color_gradient_end=&#8221;rgba(0,0,0,0)&#8221; background_color_gradient_type=&#8221;radial&#8221; background_color_gradient_end_position=&#8221;49%&#8221; custom_padding=&#8221;192px||99px||false|&#8221;][et_pb_column type=&#8221;4_4&#8243; _builder_version=&#8221;3.25&#8243; custom_padding=&#8221;|||&#8221; custom_padding__hover=&#8221;|||&#8221;][et_pb_text ul_type=&#8221;circle&#8221; _builder_version=&#8221;4.7.5&#8243; text_font=&#8221;||||||||&#8221; text_font_size=&#8221;18px&#8221; text_line_height=&#8221;2em&#8221; ul_font=&#8221;||||||||&#8221; ul_font_size=&#8221;18px&#8221; ul_line_height=&#8221;2em&#8221; header_font=&#8221;Montserrat|700|||||||&#8221; header_font_size=&#8221;50px&#8221; header_line_height=&#8221;1.2em&#8221; text_orientation=&#8221;center&#8221; background_layout=&#8221;dark&#8221; max_width=&#8221;600px&#8221; module_alignment=&#8221;center&#8221; header_font_size_tablet=&#8221;40px&#8221; header_font_size_phone=&#8221;28px&#8221; header_font_size_last_edited=&#8221;on|phone&#8221;] Transportation services domestic and abroad [\/et_pb_text][et_pb_button button_url=&#8221;https:\/\/fhumartex.pl\/en\/transport\/&#8221; button_text=&#8221;offer&#8221; button_alignment=&#8221;center&#8221; _builder_version=&#8221;4.7.5&#8243; [&hellip;]<\/p>\n","protected":false},"author":1,"featured_media":0,"parent":0,"menu_order":0,"comment_status":"closed","ping_status":"closed","template":"","meta":{"_et_pb_use_builder":"on","_et_pb_old_content":"","_et_gb_content_width":""},"_links":{"self":[{"href":"https:\/\/fhumartex.pl\/en\/wp-json\/wp\/v2\/pages\/290"}],"collection":[{"href":"https:\/\/fhumartex.pl\/en\/wp-json\/wp\/v2\/pages"}],"about":[{"href":"https:\/\/fhumartex.pl\/en\/wp-json\/wp\/v2\/types\/page"}],"author":[{"embeddable":true,"href":"https:\/\/fhumartex.pl\/en\/wp-json\/wp\/v2\/users\/1"}],"replies":[{"embeddable":true,"href":"https:\/\/fhumartex.pl\/en\/wp-json\/wp\/v2\/comments?post=290"}],"version-history":[{"count":11,"href":"https:\/\/fhumartex.pl\/en\/wp-json\/wp\/v2\/pages\/290\/revisions"}],"predecessor-version":[{"id":356,"href":"https:\/\/fhumartex.pl\/en\/wp-json\/wp\/v2\/pages\/290\/revisions\/356"}],"wp:attachment":[{"href":"https:\/\/fhumartex.pl\/en\/wp-json\/wp\/v2\/media?parent=290"}],"curies":[{"name":"wp","href":"https:\/\/api.w.org\/{rel}","templated":true}]}}